{"id":27018,"date":"2025-10-15T10:11:50","date_gmt":"2025-10-15T08:11:50","guid":{"rendered":"https:\/\/new.symphonia-assai.be\/?page_id=27018"},"modified":"2025-10-15T10:20:55","modified_gmt":"2025-10-15T08:20:55","slug":"concertmaster","status":"publish","type":"page","link":"https:\/\/symphonia-assai.be\/en\/organisation\/concertmaster\/","title":{"rendered":"concertmaster"},"content":{"rendered":"\t\t<div data-elementor-type=\"wp-page\" data-elementor-id=\"27018\" class=\"elementor elementor-27018\" data-elementor-post-type=\"page\">\n\t\t\t\t<div class=\"elementor-element elementor-element-fb17776 doctors-single-page e-flex e-con-boxed e-con e-parent\" data-id=\"fb17776\" data-element_type=\"container\" data-e-type=\"container\" data-settings=\"{&quot;background_background&quot;:&quot;classic&quot;,&quot;ekit_has_onepagescroll_dot&quot;:&quot;yes&quot;}\">\n\t\t\t\t\t<div class=\"e-con-inner\">\n\t\t<div class=\"elementor-element elementor-element-f7b5fd3 e-con-full e-flex e-con e-child\" data-id=\"f7b5fd3\" data-element_type=\"container\" data-e-type=\"container\" data-settings=\"{&quot;ekit_has_onepagescroll_dot&quot;:&quot;yes&quot;}\">\n\t\t<div class=\"elementor-element elementor-element-98cd6d2 e-con-full e-flex e-con e-child\" data-id=\"98cd6d2\" data-element_type=\"container\" data-e-type=\"container\" data-settings=\"{&quot;ekit_has_onepagescroll_dot&quot;:&quot;yes&quot;}\">\n\t\t<div class=\"elementor-element elementor-element-72bc5e3 e-con-full sticky-container animated-fast e-flex elementor-invisible e-con e-child\" data-id=\"72bc5e3\" data-element_type=\"container\" data-e-type=\"container\" data-settings=\"{&quot;background_background&quot;:&quot;classic&quot;,&quot;animation&quot;:&quot;fadeInUp&quot;,&quot;animation_delay&quot;:100,&quot;ekit_has_onepagescroll_dot&quot;:&quot;yes&quot;}\">\n\t\t\t\t<div class=\"elementor-element elementor-element-abaa188 elementor-widget elementor-widget-image\" data-id=\"abaa188\" data-element_type=\"widget\" data-e-type=\"widget\" data-settings=\"{&quot;ekit_we_effect_on&quot;:&quot;none&quot;}\" data-widget_type=\"image.default\">\n\t\t\t\t<div class=\"elementor-widget-container\">\n\t\t\t\t\t\t\t\t\t\t\t\t\t\t\t<img fetchpriority=\"high\" decoding=\"async\" width=\"2331\" height=\"2560\" src=\"https:\/\/symphonia-assai.be\/wp-content\/uploads\/2025\/10\/about_us_concertmaster-scaled.jpg\" class=\"attachment-full size-full wp-image-27025\" alt=\"\" srcset=\"https:\/\/symphonia-assai.be\/wp-content\/uploads\/2025\/10\/about_us_concertmaster-scaled.jpg 2331w, https:\/\/symphonia-assai.be\/wp-content\/uploads\/2025\/10\/about_us_concertmaster-455x500.jpg 455w, https:\/\/symphonia-assai.be\/wp-content\/uploads\/2025\/10\/about_us_concertmaster-932x1024.jpg 932w, https:\/\/symphonia-assai.be\/wp-content\/uploads\/2025\/10\/about_us_concertmaster-768x844.jpg 768w, https:\/\/symphonia-assai.be\/wp-content\/uploads\/2025\/10\/about_us_concertmaster-1398x1536.jpg 1398w, https:\/\/symphonia-assai.be\/wp-content\/uploads\/2025\/10\/about_us_concertmaster-1865x2048.jpg 1865w, https:\/\/symphonia-assai.be\/wp-content\/uploads\/2025\/10\/about_us_concertmaster-710x780.jpg 710w\" sizes=\"(max-width: 2331px) 100vw, 2331px\" \/>\t\t\t\t\t\t\t\t\t\t\t\t\t\t\t<\/div>\n\t\t\t\t<\/div>\n\t\t<div class=\"elementor-element elementor-element-e025487 e-con-full e-flex e-con e-child\" data-id=\"e025487\" data-element_type=\"container\" data-e-type=\"container\" data-settings=\"{&quot;ekit_has_onepagescroll_dot&quot;:&quot;yes&quot;}\">\n\t\t\t\t<div class=\"elementor-element elementor-element-e848234 elementor-widget__width-initial elementor-widget elementor-widget-elementskit-heading\" data-id=\"e848234\" data-element_type=\"widget\" data-e-type=\"widget\" data-settings=\"{&quot;ekit_we_effect_on&quot;:&quot;none&quot;}\" data-widget_type=\"elementskit-heading.default\">\n\t\t\t\t<div class=\"elementor-widget-container\">\n\t\t\t\t\t<div class=\"ekit-wid-con\" ><div class=\"ekit-heading elementskit-section-title-wraper text_left   ekit_heading_tablet-   ekit_heading_mobile-\"><h5 class=\"elementskit-section-subtitle  \">\n\t\t\t\t\t\tconcertmaster\n\t\t\t\t\t<\/h5><h3 class=\"ekit-heading--title elementskit-section-title \">Nicolas Dupont<\/h3><\/div><\/div>\t\t\t\t<\/div>\n\t\t\t\t<\/div>\n\t\t\t\t<div class=\"elementor-element elementor-element-9829512 elementor-absolute elementor-hidden-mobile elementor-hidden-desktop elementor-hidden-tablet elementor-widget elementor-widget-elementskit-social-media\" data-id=\"9829512\" data-element_type=\"widget\" data-e-type=\"widget\" data-settings=\"{&quot;_position&quot;:&quot;absolute&quot;,&quot;ekit_we_effect_on&quot;:&quot;none&quot;}\" data-widget_type=\"elementskit-social-media.default\">\n\t\t\t\t<div class=\"elementor-widget-container\">\n\t\t\t\t\t<div class=\"ekit-wid-con\" >\t\t\t <ul class=\"ekit_social_media\">\n\t\t\t\t\t\t\t\t\t\t\t\t\t\t<li class=\"elementor-repeater-item-c79a122\">\n\t\t\t\t\t    <a\n\t\t\t\t\t\thref=\"#\" aria-label=\"Instagram\" class=\"instagram\" >\n\t\t\t\t\t\t\t\n\t\t\t\t\t\t\t<i aria-hidden=\"true\" class=\"fab fa-instagram\"><\/i>\n                                                                                                            <\/a>\n                    <\/li>\n                    \t\t\t\t\t\t\t\t\t\t\t\t\t\t<li class=\"elementor-repeater-item-527600f\">\n\t\t\t\t\t    <a\n\t\t\t\t\t\thref=\"#\" aria-label=\"X\" class=\"twitter\" >\n\t\t\t\t\t\t\t\n\t\t\t\t\t\t\t<i aria-hidden=\"true\" class=\"fab fa-x-twitter\"><\/i>\n                                                                                                            <\/a>\n                    <\/li>\n                    \t\t\t\t\t\t\t\t\t\t\t\t\t\t<li class=\"elementor-repeater-item-78a91ba\">\n\t\t\t\t\t    <a\n\t\t\t\t\t\thref=\"#\" aria-label=\"Linkedin\" class=\"in\" >\n\t\t\t\t\t\t\t\n\t\t\t\t\t\t\t<i aria-hidden=\"true\" class=\"fab fa-linkedin-in\"><\/i>\n                                                                                                            <\/a>\n                    <\/li>\n                    \t\t\t\t\t\t\t<\/ul>\n\t\t<\/div>\t\t\t\t<\/div>\n\t\t\t\t<\/div>\n\t\t\t\t<div class=\"elementor-element elementor-element-479ed46 elementor-hidden-desktop elementor-hidden-tablet elementor-hidden-mobile elementor-widget elementor-widget-text-editor\" data-id=\"479ed46\" data-element_type=\"widget\" data-e-type=\"widget\" data-settings=\"{&quot;ekit_we_effect_on&quot;:&quot;none&quot;}\" data-widget_type=\"text-editor.default\">\n\t\t\t\t<div class=\"elementor-widget-container\">\n\t\t\t\t\t\t\t\t\t<h6><a href=\"mailto: wouter.lenaerts@symphonia-assai.be\"> email? <\/a><\/h6>\t\t\t\t\t\t\t\t<\/div>\n\t\t\t\t<\/div>\n\t\t\t\t<div class=\"elementor-element elementor-element-7485b15 elementor-widget__width-inherit elementor-hidden-desktop elementor-hidden-tablet elementor-hidden-mobile elementor-align-center elementor-widget elementor-widget-elementskit-button\" data-id=\"7485b15\" data-element_type=\"widget\" data-e-type=\"widget\" data-settings=\"{&quot;ekit_we_effect_on&quot;:&quot;none&quot;}\" data-widget_type=\"elementskit-button.default\">\n\t\t\t\t<div class=\"elementor-widget-container\">\n\t\t\t\t\t<div class=\"ekit-wid-con\" >\t\t<div class=\"ekit-btn-wraper\">\n\t\t\t\t\t\t\t<a href=\"#\" class=\"elementskit-btn  whitespace--normal\" id=\"\">\n\t\t\t\t\tdownload CV\t\t\t\t<\/a>\n\t\t\t\t\t<\/div>\n        <\/div>\t\t\t\t<\/div>\n\t\t\t\t<\/div>\n\t\t\t\t<\/div>\n\t\t\t\t<\/div>\n\t\t\t\t<\/div>\n\t\t<div class=\"elementor-element elementor-element-b4c2e50 e-con-full e-flex e-con e-child\" data-id=\"b4c2e50\" data-element_type=\"container\" data-e-type=\"container\" data-settings=\"{&quot;ekit_has_onepagescroll_dot&quot;:&quot;yes&quot;}\">\n\t\t<div class=\"elementor-element elementor-element-6e7b3f5 e-con-full e-flex e-con e-child\" data-id=\"6e7b3f5\" data-element_type=\"container\" data-e-type=\"container\" data-settings=\"{&quot;ekit_has_onepagescroll_dot&quot;:&quot;yes&quot;}\">\n\t\t\t\t<div class=\"elementor-element elementor-element-622c477 animated-fast elementor-invisible elementor-widget elementor-widget-elementskit-heading\" data-id=\"622c477\" data-element_type=\"widget\" data-e-type=\"widget\" data-settings=\"{&quot;ekit_we_effect_on&quot;:&quot;css&quot;,&quot;_animation&quot;:&quot;fadeIn&quot;,&quot;_animation_delay&quot;:200}\" data-widget_type=\"elementskit-heading.default\">\n\t\t\t\t<div class=\"elementor-widget-container\">\n\t\t\t\t\t<div class=\"ekit-wid-con\" ><div class=\"ekit-heading elementskit-section-title-wraper text_left   ekit_heading_tablet-   ekit_heading_mobile-\"><h2 class=\"ekit-heading--title elementskit-section-title \">Nicolas Dupont<\/h2><\/div><\/div>\t\t\t\t<\/div>\n\t\t\t\t<\/div>\n\t\t\t\t<div class=\"elementor-element elementor-element-0fdb4a0 animated-fast elementor-invisible elementor-widget elementor-widget-elementskit-heading\" data-id=\"0fdb4a0\" data-element_type=\"widget\" data-e-type=\"widget\" data-settings=\"{&quot;ekit_we_effect_on&quot;:&quot;css&quot;,&quot;_animation&quot;:&quot;fadeIn&quot;,&quot;_animation_delay&quot;:200}\" data-widget_type=\"elementskit-heading.default\">\n\t\t\t\t<div class=\"elementor-widget-container\">\n\t\t\t\t\t<div class=\"ekit-wid-con\" ><div class=\"ekit-heading elementskit-section-title-wraper text_left   ekit_heading_tablet-   ekit_heading_mobile-\">\t\t\t\t<div class='ekit-heading__description'>\n\t\t\t\t\t<p>With over 90 concerts a year, Nicolas Dupont is one of the most active Belgian chamber musicians of his generation.<br \/>As a member of the Kugoni Trio, the Roeland Hendrikx Ensemble, Ensemble K and the Duo Andaluza, amongst others, he has premiered almost a hundred pieces and has performed in venues such as Wigmore Hall, St Martin-in-the-Fields, King\u2019s Place, Colston Hall (UK), BOZAR, Flagey, AMUZ, deSingel (BE).<\/p>\n<p>Based in Brussels since 2017, Nicolas frequently travels as a soloist or with his colleagues across Europe and Asia. Amongst the concert halls that have shaped his career, are Wigmore Hall, St Martin-in-the-Fields, Queen\u2019s Hall (VK), BOZAR, Flagey, deBijloke, AMUZ, deSingel, Concertgebouw Brugge (BE), la Seine Musicale (FR),\u2026<br \/>Despite his young age, Nicolas\u2019 discography includes over twenty-five CD\u2019s with music by Brahms, Glazunov, Franck, Prokofiev, Debussy, Saint-Sa\u00ebns, Richter, Vasks, Richter, Piazzolla, Khatchaturian, Jan\u00e1\u010dek, Poulenc as well as many Belgian composers.<\/p>\n\t\t\t\t<\/div>\n\t\t\t<\/div><\/div>\t\t\t\t<\/div>\n\t\t\t\t<\/div>\n\t\t\t\t<\/div>\n\t\t<div class=\"elementor-element elementor-element-177375c e-con-full e-flex e-con e-child\" data-id=\"177375c\" data-element_type=\"container\" data-e-type=\"container\" data-settings=\"{&quot;ekit_has_onepagescroll_dot&quot;:&quot;yes&quot;}\">\n\t\t\t\t<div class=\"elementor-element elementor-element-4edc894 animated-fast elementor-invisible elementor-widget elementor-widget-elementskit-heading\" data-id=\"4edc894\" data-element_type=\"widget\" data-e-type=\"widget\" data-settings=\"{&quot;ekit_we_effect_on&quot;:&quot;css&quot;,&quot;_animation&quot;:&quot;fadeIn&quot;,&quot;_animation_delay&quot;:200}\" data-widget_type=\"elementskit-heading.default\">\n\t\t\t\t<div class=\"elementor-widget-container\">\n\t\t\t\t\t<div class=\"ekit-wid-con\" ><div class=\"ekit-heading elementskit-section-title-wraper text_left   ekit_heading_tablet-   ekit_heading_mobile-\"><h2 class=\"ekit-heading--title elementskit-section-title \">academic background<\/h2><\/div><\/div>\t\t\t\t<\/div>\n\t\t\t\t<\/div>\n\t\t\t\t<div class=\"elementor-element elementor-element-551af3e animated-fast elementor-invisible elementor-widget elementor-widget-elementskit-heading\" data-id=\"551af3e\" data-element_type=\"widget\" data-e-type=\"widget\" data-settings=\"{&quot;ekit_we_effect_on&quot;:&quot;css&quot;,&quot;_animation&quot;:&quot;fadeIn&quot;,&quot;_animation_delay&quot;:200}\" data-widget_type=\"elementskit-heading.default\">\n\t\t\t\t<div class=\"elementor-widget-container\">\n\t\t\t\t\t<div class=\"ekit-wid-con\" ><div class=\"ekit-heading elementskit-section-title-wraper text_left   ekit_heading_tablet-   ekit_heading_mobile-\">\t\t\t\t<div class='ekit-heading__description'>\n\t\t\t\t\t<p>Nicolas studied at the Koninklijk Conservatorium Brussel, Conservatoire National Sup\u00e9rieur de Musique in Paris and Royal Academy of Music in London.<br \/>Passionate about teaching, Nicolas taught the violin for two years at King\u2019s College London and at the Koninklijk Conservatorium Brussel as the assistant to Yuzuko Horigome.<br \/>He is now a violin Professor at the Conservatoire Royal de Bruxelles.<\/p>\n<p>\u00a0<\/p>\n<p>Since 2018, he has been leading the strings at symphoniaASSAI and is beloved by both musicians and audiences.<\/p>\n\t\t\t\t<\/div>\n\t\t\t<\/div><\/div>\t\t\t\t<\/div>\n\t\t\t\t<\/div>\n\t\t\t\t<\/div>\n\t\t\t\t<\/div>\n\t\t\t\t<\/div>\n\t\t\t\t\t<\/div>\n\t\t\t\t<\/div>\n\t\t\t\t<\/div>\n\t\t","protected":false},"excerpt":{"rendered":"<p>concertmaster Nicolas Dupont email? download CV Nicolas Dupont With over 90 concerts a year, Nicolas Dupont is one of the most active Belgian chamber musicians of his generation.As a member [&hellip;]<\/p>\n","protected":false},"author":1,"featured_media":0,"parent":23494,"menu_order":0,"comment_status":"closed","ping_status":"closed","template":"","meta":{"om_disable_all_campaigns":false,"_monsterinsights_skip_tracking":false,"_monsterinsights_sitenote_active":false,"_monsterinsights_sitenote_note":"","_monsterinsights_sitenote_category":0,"jetpack_post_was_ever_published":false,"footnotes":""},"class_list":["post-27018","page","type-page","status-publish","hentry"],"aioseo_notices":[],"jetpack_sharing_enabled":true,"_links":{"self":[{"href":"https:\/\/symphonia-assai.be\/en\/wp-json\/wp\/v2\/pages\/27018","targetHints":{"allow":["GET"]}}],"collection":[{"href":"https:\/\/symphonia-assai.be\/en\/wp-json\/wp\/v2\/pages"}],"about":[{"href":"https:\/\/symphonia-assai.be\/en\/wp-json\/wp\/v2\/types\/page"}],"author":[{"embeddable":true,"href":"https:\/\/symphonia-assai.be\/en\/wp-json\/wp\/v2\/users\/1"}],"replies":[{"embeddable":true,"href":"https:\/\/symphonia-assai.be\/en\/wp-json\/wp\/v2\/comments?post=27018"}],"version-history":[{"count":7,"href":"https:\/\/symphonia-assai.be\/en\/wp-json\/wp\/v2\/pages\/27018\/revisions"}],"predecessor-version":[{"id":27028,"href":"https:\/\/symphonia-assai.be\/en\/wp-json\/wp\/v2\/pages\/27018\/revisions\/27028"}],"up":[{"embeddable":true,"href":"https:\/\/symphonia-assai.be\/en\/wp-json\/wp\/v2\/pages\/23494"}],"wp:attachment":[{"href":"https:\/\/symphonia-assai.be\/en\/wp-json\/wp\/v2\/media?parent=27018"}],"curies":[{"name":"wp","href":"https:\/\/api.w.org\/{rel}","templated":true}]}}